{"id":129,"date":"2026-01-01T12:53:34","date_gmt":"2026-01-01T12:53:34","guid":{"rendered":"https:\/\/agroforestryfarming.com\/?page_id=129"},"modified":"2026-01-01T13:05:50","modified_gmt":"2026-01-01T13:05:50","slug":"about","status":"publish","type":"page","link":"https:\/\/agroforestryfarming.com\/sv\/about\/","title":{"rendered":"Om"},"content":{"rendered":"<div data-elementor-type=\"wp-page\" data-elementor-id=\"129\" class=\"elementor elementor-129\" data-elementor-post-type=\"page\">\n\t\t\t\t<div class=\"elementor-element elementor-element-a5cbcb1 e-flex e-con-boxed e-con e-parent\" data-id=\"a5cbcb1\" data-element_type=\"container\" data-settings=\"{&quot;background_background&quot;:&quot;classic&quot;}\">\n\t\t\t\t\t<div class=\"e-con-inner\">\n\t\t\t\t<div class=\"elementor-element elementor-element-908bc59 elementor-widget elementor-widget-heading\" data-id=\"908bc59\" data-element_type=\"widget\" data-widget_type=\"heading.default\">\n\t\t\t\t\t<h2 class=\"elementor-heading-title elementor-size-default\">Om<\/h2>\t\t\t\t<\/div>\n\t\t\t\t\t<\/div>\n\t\t\t\t<\/div>\n\t\t<div class=\"elementor-element elementor-element-5405c35 e-flex e-con-boxed e-con e-parent\" data-id=\"5405c35\" data-element_type=\"container\">\n\t\t\t\t\t<div class=\"e-con-inner\">\n\t\t<div class=\"elementor-element elementor-element-1d8e794 e-con-full e-flex e-con e-child\" data-id=\"1d8e794\" data-element_type=\"container\">\n\t\t<div class=\"elementor-element elementor-element-eb81281 e-con-full e-flex e-con e-child\" data-id=\"eb81281\" data-element_type=\"container\">\n\t\t\t\t<div class=\"elementor-element elementor-element-3feed02 elementor-widget elementor-widget-image\" data-id=\"3feed02\" data-element_type=\"widget\" data-widget_type=\"image.default\">\n\t\t\t\t\t\t\t\t\t\t\t\t\t\t\t<img fetchpriority=\"high\" decoding=\"async\" width=\"744\" height=\"1074\" src=\"https:\/\/agroforestryfarming.com\/wp-content\/uploads\/2026\/01\/10002.jpg\" class=\"attachment-full size-full wp-image-135\" alt=\"\" srcset=\"https:\/\/agroforestryfarming.com\/wp-content\/uploads\/2026\/01\/10002.jpg 744w, https:\/\/agroforestryfarming.com\/wp-content\/uploads\/2026\/01\/10002-208x300.jpg 208w, https:\/\/agroforestryfarming.com\/wp-content\/uploads\/2026\/01\/10002-709x1024.jpg 709w\" sizes=\"(max-width: 744px) 100vw, 744px\" \/>\t\t\t\t\t\t\t\t\t\t\t\t\t\t\t<\/div>\n\t\t\t\t<\/div>\n\t\t<div class=\"elementor-element elementor-element-7cb2d31 e-con-full e-flex e-con e-child\" data-id=\"7cb2d31\" data-element_type=\"container\">\n\t\t\t\t<div class=\"elementor-element elementor-element-9dd275b elementor-widget elementor-widget-heading\" data-id=\"9dd275b\" data-element_type=\"widget\" data-widget_type=\"heading.default\">\n\t\t\t\t\t<h2 class=\"elementor-heading-title elementor-size-default\">Om den h\u00e4r plattform:<\/h2>\t\t\t\t<\/div>\n\t\t\t\t<div class=\"elementor-element elementor-element-48d2f04 elementor-widget elementor-widget-text-editor\" data-id=\"48d2f04\" data-element_type=\"widget\" data-widget_type=\"text-editor.default\">\n\t\t\t\t\t\t\t\t\tJag heter Mauricio Sagastuy och jag skapade den h\u00e4r plattformen och bloggen p\u00e5 grund av min passion f\u00f6r agroforestry. Jag \u00e4r \u00f6vertygad om att agroforestry kan hj\u00e4lpa miljontals lantbrukare att regenerera sina jordar och ekosystem samtidigt som de f\u00f6rb\u00e4ttrar g\u00e5rdarnas l\u00f6nsamhet. Oavsett om du \u00e4ger en liten tomt eller driver en storskalig g\u00e5rd, plattformen \u00e4r h\u00e4r f\u00f6r att hj\u00e4lpa dig skapa och f\u00f6rvalta agroforestry system. Jag vill hj\u00e4lpa dig i din resa med agroforestry p\u00e5 3 olika s\u00e4tt.\t\t\t\t\t\t\t\t<\/div>\n\t\t\t\t<div class=\"elementor-element elementor-element-c817982 elementor-widget elementor-widget-text-editor\" data-id=\"c817982\" data-element_type=\"widget\" data-widget_type=\"text-editor.default\">\n\t\t\t\t\t\t\t\t\t1. Dela gratis information om hur du kan till\u00e4mpa agroforestry i ett nordiskt klimat.\n<br><br>\n2. Erbjuda konsulttj\u00e4nster f\u00f6r ni som vill ha individuella planer och r\u00e5d.\n<br><br>\n3. Ge f\u00f6rel\u00e4sningar och workshops om agroforestry.\t\t\t\t\t\t\t\t<\/div>\n\t\t\t\t<\/div>\n\t\t\t\t<\/div>\n\t\t\t\t<div class=\"elementor-element elementor-element-fcd5c79 elementor-widget elementor-widget-spacer\" data-id=\"fcd5c79\" data-element_type=\"widget\" data-widget_type=\"spacer.default\">\n\t\t\t\t\t\t\t<div class=\"elementor-spacer\">\n\t\t\t<div class=\"elementor-spacer-inner\"><\/div>\n\t\t<\/div>\n\t\t\t\t\t\t<\/div>\n\t\t\t\t<div class=\"elementor-element elementor-element-5efbbaa elementor-widget elementor-widget-heading\" data-id=\"5efbbaa\" data-element_type=\"widget\" data-widget_type=\"heading.default\">\n\t\t\t\t\t<h2 class=\"elementor-heading-title elementor-size-default\">Om mig: <\/h2>\t\t\t\t<\/div>\n\t\t\t\t<div class=\"elementor-element elementor-element-19ef1bd elementor-widget elementor-widget-text-editor\" data-id=\"19ef1bd\" data-element_type=\"widget\" data-widget_type=\"text-editor.default\">\n\t\t\t\t\t\t\t\t\tF\u00f6rsta g\u00e5ngen jag h\u00f6rde talas om agroforestry var f\u00f6r tio \u00e5r sedan, under mina studier i Tyskland. Det var d\u00e5 jag uppt\u00e4ckte Ernst Gotschs banbrytande arbete med agroforestry i Brasilien. Jag blev fascinerad av tanken p\u00e5 att skapa sj\u00e4lvf\u00f6rs\u00f6rjande livsmedelssystem som inte bara \u00e4r b\u00e4ttre f\u00f6r milj\u00f6n utan ocks\u00e5 mer produktiva. Med tiden l\u00e4rde jag mig mer om de praktiska och ekonomiska aspekterna av agroforestry, och mitt fokus skiftade mer till nordiska och tempererade agroforestry system. \t\t\t\t\t\t\t\t<\/div>\n\t\t\t\t<div class=\"elementor-element elementor-element-08aa8df elementor-widget elementor-widget-text-editor\" data-id=\"08aa8df\" data-element_type=\"widget\" data-widget_type=\"text-editor.default\">\n\t\t\t\t\t\t\t\t\tUnder de senaste fem \u00e5ren har jag arbetat som agroforestry l\u00e4rare p\u00e5 Naturbruksskolan Angereds g\u00e5rd. I skolan leder jag projektet \u201dTestmilj\u00f6 Agroforestry\u201d d\u00e4r vi etablerar Sveriges st\u00f6rsta och mest m\u00e5ngfaldsrika testmilj\u00f6 f\u00f6r agroforestry. \t\t\t\t\t\t\t\t<\/div>\n\t\t\t\t<div class=\"elementor-element elementor-element-7fc9928 elementor-widget elementor-widget-text-editor\" data-id=\"7fc9928\" data-element_type=\"widget\" data-widget_type=\"text-editor.default\">\n\t\t\t\t\t\t\t\t\tUnder de senaste tre \u00e5ren har jag dessutom bes\u00f6kt \u00f6ver 40 agroforestry-g\u00e5rdar i Europa som en del av ett paneuropeiskt projekt. I dessa bes\u00f6k intervjuade jag lantbrukarna f\u00f6r att f\u00f6rst\u00e5 hur agroforestry praktiseras i olika sammanhang i Europa. G\u00e5rdarna jag har bes\u00f6kt str\u00e4cker sig hela v\u00e4gen fr\u00e5n sm\u00e5skaliga skogstr\u00e4dg\u00e5rdar till storskaliga all\u00e9-odlingar eller betesskogsbruk.\n\n\u200b  \n\n \t\t\t\t\t\t\t\t<\/div>\n\t\t\t\t<div class=\"elementor-element elementor-element-feac69b elementor-widget elementor-widget-text-editor\" data-id=\"feac69b\" data-element_type=\"widget\" data-widget_type=\"text-editor.default\">\n\t\t\t\t\t\t\t\t\tP\u00e5 denna plattform vill jag dela vad jag har l\u00e4rt mig under alla dessa \u00e5r och erbjuda personlig assistans n\u00e4r det \u00f6nskas. Om du vill f\u00f6lja denna resan och du vill l\u00e4ra dig mer om agroforestry, b\u00f6r du prenumerera nedan. Genom prenumerationen kommer du att f\u00e5 ett nyhetsbrev varje m\u00e5nad d\u00e4r jag delar mina tankar, erfarenheter och den senaste informationen om nordiskt och tempererat agroforestry. Om du \u00e4r intresserad av att boka en konsultation, f\u00f6rel\u00e4sning eller workshop, v\u00e4nligen kontakta mig p\u00e5 info@agroforestryfarming.com. Jag v\u00e4lkomnar ocks\u00e5 samarbetsid\u00e9er - h\u00f6r g\u00e4rna av dig!\t\t\t\t\t\t\t\t<\/div>\n\t\t\t\t<div class=\"elementor-element elementor-element-76fb726 elementor-widget elementor-widget-text-editor\" data-id=\"76fb726\" data-element_type=\"widget\" data-widget_type=\"text-editor.default\">\n\t\t\t\t\t\t\t\t\tDet skulle vara fantastiskt om du deltar aktivt i plattformen och delar dina egna insikter, vetenskapliga artiklar eller andra relevanta k\u00e4llor. P\u00e5 det s\u00e4ttet skulle vi skapa en plattform d\u00e4r olika personer bidrar med sina egna erfarenheter och ger olika perspektiv till andra som vill l\u00e4ra sig mer om agroforestry i ett nordiskt klimat.\t\t\t\t\t\t\t\t<\/div>\n\t\t\t\t\t<\/div>\n\t\t\t\t<\/div>\n\t\t\t\t<\/div>","protected":false},"excerpt":{"rendered":"<p>About About this platform and blog: My name is Mauricio Sagastuy, and I created this platform and blog out of [&hellip;]<\/p>","protected":false},"author":2,"featured_media":0,"parent":0,"menu_order":0,"comment_status":"closed","ping_status":"closed","template":"elementor_header_footer","meta":{"site-sidebar-layout":"no-sidebar","site-content-layout":"","ast-site-content-layout":"full-width-container","site-content-style":"default","site-sidebar-style":"default","ast-global-header-display":"","ast-banner-title-visibility":"","ast-main-header-display":"","ast-hfb-above-header-display":"","ast-hfb-below-header-display":"","ast-hfb-mobile-header-display":"","site-post-title":"","ast-breadcrumbs-content":"","ast-featured-img":"disabled","footer-sml-layout":"","ast-disable-related-posts":"","theme-transparent-header-meta":"","adv-header-id-meta":"","stick-header-meta":"","header-above-stick-meta":"","header-main-stick-meta":"","header-below-stick-meta":"","astra-migrate-meta-layouts":"default","ast-page-background-enabled":"default","ast-page-background-meta":{"desktop":{"background-color":"var(--ast-global-color-5)","background-image":"","background-repeat":"repeat","background-position":"center center","background-size":"auto","background-attachment":"scroll","background-type":"","background-media":"","overlay-type":"","overlay-color":"","overlay-opacity":"","overlay-gradient":""},"tablet":{"background-color":"","background-image":"","background-repeat":"repeat","background-position":"center center","background-size":"auto","background-attachment":"scroll","background-type":"","background-media":"","overlay-type":"","overlay-color":"","overlay-opacity":"","overlay-gradient":""},"mobile":{"background-color":"","background-image":"","background-repeat":"repeat","background-position":"center center","background-size":"auto","background-attachment":"scroll","background-type":"","background-media":"","overlay-type":"","overlay-color":"","overlay-opacity":"","overlay-gradient":""}},"ast-content-background-meta":{"desktop":{"background-color":"var(--ast-global-color-4)","background-image":"","background-repeat":"repeat","background-position":"center center","background-size":"auto","background-attachment":"scroll","background-type":"","background-media":"","overlay-type":"","overlay-color":"","overlay-opacity":"","overlay-gradient":""},"tablet":{"background-color":"var(--ast-global-color-4)","background-image":"","background-repeat":"repeat","background-position":"center center","background-size":"auto","background-attachment":"scroll","background-type":"","background-media":"","overlay-type":"","overlay-color":"","overlay-opacity":"","overlay-gradient":""},"mobile":{"background-color":"var(--ast-global-color-4)","background-image":"","background-repeat":"repeat","background-position":"center center","background-size":"auto","background-attachment":"scroll","background-type":"","background-media":"","overlay-type":"","overlay-color":"","overlay-opacity":"","overlay-gradient":""}},"footnotes":""},"class_list":["post-129","page","type-page","status-publish","hentry"],"_links":{"self":[{"href":"https:\/\/agroforestryfarming.com\/sv\/wp-json\/wp\/v2\/pages\/129","targetHints":{"allow":["GET"]}}],"collection":[{"href":"https:\/\/agroforestryfarming.com\/sv\/wp-json\/wp\/v2\/pages"}],"about":[{"href":"https:\/\/agroforestryfarming.com\/sv\/wp-json\/wp\/v2\/types\/page"}],"author":[{"embeddable":true,"href":"https:\/\/agroforestryfarming.com\/sv\/wp-json\/wp\/v2\/users\/2"}],"replies":[{"embeddable":true,"href":"https:\/\/agroforestryfarming.com\/sv\/wp-json\/wp\/v2\/comments?post=129"}],"version-history":[{"count":19,"href":"https:\/\/agroforestryfarming.com\/sv\/wp-json\/wp\/v2\/pages\/129\/revisions"}],"predecessor-version":[{"id":151,"href":"https:\/\/agroforestryfarming.com\/sv\/wp-json\/wp\/v2\/pages\/129\/revisions\/151"}],"wp:attachment":[{"href":"https:\/\/agroforestryfarming.com\/sv\/wp-json\/wp\/v2\/media?parent=129"}],"curies":[{"name":"wp","href":"https:\/\/api.w.org\/{rel}","templated":true}]}}