{"id":167,"date":"2026-01-01T13:18:23","date_gmt":"2026-01-01T13:18:23","guid":{"rendered":"https:\/\/agroforestryfarming.com\/?page_id=167"},"modified":"2026-01-17T15:30:57","modified_gmt":"2026-01-17T15:30:57","slug":"consulting","status":"publish","type":"page","link":"https:\/\/agroforestryfarming.com\/sv\/consulting\/","title":{"rendered":"R\u00e5dgivning"},"content":{"rendered":"<div data-elementor-type=\"wp-page\" data-elementor-id=\"167\" class=\"elementor elementor-167\" data-elementor-post-type=\"page\">\n\t\t\t\t<div class=\"elementor-element elementor-element-4e93ca0 e-flex e-con-boxed e-con e-parent\" data-id=\"4e93ca0\" data-element_type=\"container\" data-settings=\"{&quot;background_background&quot;:&quot;classic&quot;}\">\n\t\t\t\t\t<div class=\"e-con-inner\">\n\t\t\t\t<div class=\"elementor-element elementor-element-5ac5ac4 elementor-widget elementor-widget-spacer\" data-id=\"5ac5ac4\" data-element_type=\"widget\" data-widget_type=\"spacer.default\">\n\t\t\t\t\t\t\t<div class=\"elementor-spacer\">\n\t\t\t<div class=\"elementor-spacer-inner\"><\/div>\n\t\t<\/div>\n\t\t\t\t\t\t<\/div>\n\t\t\t\t\t<\/div>\n\t\t\t\t<\/div>\n\t\t<div class=\"elementor-element elementor-element-9e0b97d e-flex e-con-boxed e-con e-parent\" data-id=\"9e0b97d\" data-element_type=\"container\">\n\t\t\t\t\t<div class=\"e-con-inner\">\n\t\t<div class=\"elementor-element elementor-element-6662638 e-con-full e-flex e-con e-child\" data-id=\"6662638\" data-element_type=\"container\" data-settings=\"{&quot;background_background&quot;:&quot;classic&quot;}\">\n\t\t\t\t<div class=\"elementor-element elementor-element-9133525 elementor-widget elementor-widget-heading\" data-id=\"9133525\" data-element_type=\"widget\" data-widget_type=\"heading.default\">\n\t\t\t\t\t<h2 class=\"elementor-heading-title elementor-size-default\">R\u00e5dgivning<\/h2>\t\t\t\t<\/div>\n\t\t\t\t<div class=\"elementor-element elementor-element-970cd8c elementor-widget elementor-widget-text-editor\" data-id=\"970cd8c\" data-element_type=\"widget\" data-widget_type=\"text-editor.default\">\n\t\t\t\t\t\t\t\t\tAgroforestry system \u00e4r lika olika som de mark\u00e4gare som f\u00f6rvaltar dem. Vi anser att de b\u00e4sta systemen \u00e4r de som \u00e4r specifikt anpassade till mark\u00e4garens f\u00f6ruts\u00e4ttningar och m\u00e5l. D\u00e4rf\u00f6r fokuserar vi p\u00e5 att skapa individuella planer som \u00e4r anpassade f\u00f6r din plats, dina redskap, och dina \u00f6nskade resultat. \t\t\t\t\t\t\t\t<\/div>\n\t\t\t\t<div class=\"elementor-element elementor-element-1d3fbc2 elementor-widget elementor-widget-text-editor\" data-id=\"1d3fbc2\" data-element_type=\"widget\" data-widget_type=\"text-editor.default\">\n\t\t\t\t\t\t\t\t\tF\u00f6r att s\u00e4kerst\u00e4lla att du f\u00e5r de b\u00e4sta r\u00e5den samarbetar vi med experter inom olika omr\u00e5den. Om ditt projekt kr\u00e4ver specialkunskaper som vi inte har, kommer vi att h\u00e4nvisa dig till en p\u00e5litlig r\u00e5dgivare som kan ge dig den v\u00e4gledning du beh\u00f6ver.\t\t\t\t\t\t\t\t<\/div>\n\t\t\t\t<div class=\"elementor-element elementor-element-b73af97 elementor-widget elementor-widget-text-editor\" data-id=\"b73af97\" data-element_type=\"widget\" data-widget_type=\"text-editor.default\">\n\t\t\t\t\t\t\t\t\tNedan kan du se exempel p\u00e5 de olika agroforestry system vi arbetar med. Vi kan kombinera eller anpassa dessa system s\u00e5 att de passar bra f\u00f6r dina specifika f\u00f6ruts\u00e4ttningar och \u00f6nskem\u00e5l.\t\t\t\t\t\t\t\t<\/div>\n\t\t\t\t<div class=\"elementor-element elementor-element-9321332 elementor-widget elementor-widget-text-editor\" data-id=\"9321332\" data-element_type=\"widget\" data-widget_type=\"text-editor.default\">\n\t\t\t\t\t\t\t\t\tH\u00f6r av dig till oss p\u00e5 info@agroforestryfarming.com\n om du \u00e4r intresserad av v\u00e5r r\u00e5dgivning.\t\t\t\t\t\t\t\t<\/div>\n\t\t\t\t<\/div>\n\t\t\t\t\t<\/div>\n\t\t\t\t<\/div>\n\t\t<div class=\"elementor-element elementor-element-9021136 e-flex e-con-boxed e-con e-parent\" data-id=\"9021136\" data-element_type=\"container\">\n\t\t\t\t\t<div class=\"e-con-inner\">\n\t\t<div class=\"elementor-element elementor-element-f81c57a e-con-full e-flex e-con e-child\" data-id=\"f81c57a\" data-element_type=\"container\">\n\t\t<div class=\"elementor-element elementor-element-62b205e e-con-full e-flex e-con e-child\" data-id=\"62b205e\" data-element_type=\"container\">\n\t\t\t\t<div class=\"elementor-element elementor-element-f717f7e elementor-widget elementor-widget-heading\" data-id=\"f717f7e\" data-element_type=\"widget\" data-widget_type=\"heading.default\">\n\t\t\t\t\t<h2 class=\"elementor-heading-title elementor-size-default\">All\u00e9-odling<\/h2>\t\t\t\t<\/div>\n\t\t\t\t<div class=\"elementor-element elementor-element-bc1c8b3 elementor-widget elementor-widget-image\" data-id=\"bc1c8b3\" data-element_type=\"widget\" data-widget_type=\"image.default\">\n\t\t\t\t\t\t\t\t\t\t\t\t\t\t\t<img fetchpriority=\"high\" decoding=\"async\" width=\"760\" height=\"618\" src=\"https:\/\/agroforestryfarming.com\/wp-content\/uploads\/2026\/01\/10002-2.jpg\" class=\"attachment-full size-full wp-image-180\" alt=\"\" srcset=\"https:\/\/agroforestryfarming.com\/wp-content\/uploads\/2026\/01\/10002-2.jpg 760w, https:\/\/agroforestryfarming.com\/wp-content\/uploads\/2026\/01\/10002-2-300x244.jpg 300w\" sizes=\"(max-width: 760px) 100vw, 760px\" \/>\t\t\t\t\t\t\t\t\t\t\t\t\t\t\t<\/div>\n\t\t\t\t<div class=\"elementor-element elementor-element-03e5131 elementor-widget elementor-widget-text-editor\" data-id=\"03e5131\" data-element_type=\"widget\" data-widget_type=\"text-editor.default\">\n\t\t\t\t\t\t\t\t\tAll\u00e9-odling \u00e4r plantering av rader av tr\u00e4d och\/eller buskar f\u00f6r att skapa all\u00e9er d\u00e4r jordbruks- eller tr\u00e4dg\u00e5rdsgr\u00f6dor produceras. All\u00e9-odlingar hj\u00e4lper dig att producera nya produkter och \u00f6ka g\u00e5rdens resiliens. Dessutom skapar dessa system m\u00e5nga positiva effekten f\u00f6r milj\u00f6n s\u00e5som \u00f6kad biologisk m\u00e5ngfald, kolbindning, och minskad jorderosion och n\u00e4ringsf\u00f6rlust.\n\n \n<br><br>\nAll\u00e9-odlingar \u00e4r ber\u00e4ttigat till g\u00e5rdsst\u00f6d i Sverige.\t\t\t\t\t\t\t\t<\/div>\n\t\t\t\t<\/div>\n\t\t<div class=\"elementor-element elementor-element-0e1a500 e-con-full e-flex e-con e-child\" data-id=\"0e1a500\" data-element_type=\"container\">\n\t\t\t\t<div class=\"elementor-element elementor-element-118a71a elementor-widget elementor-widget-heading\" data-id=\"118a71a\" data-element_type=\"widget\" data-widget_type=\"heading.default\">\n\t\t\t\t\t<h2 class=\"elementor-heading-title elementor-size-default\">Skogstr\u00e4dg\u00e5rdar<\/h2>\t\t\t\t<\/div>\n\t\t\t\t<div class=\"elementor-element elementor-element-2000ca7 elementor-widget elementor-widget-image\" data-id=\"2000ca7\" data-element_type=\"widget\" data-widget_type=\"image.default\">\n\t\t\t\t\t\t\t\t\t\t\t\t\t\t\t<img decoding=\"async\" width=\"760\" height=\"618\" src=\"https:\/\/agroforestryfarming.com\/wp-content\/uploads\/2026\/01\/10003.jpg\" class=\"attachment-full size-full wp-image-181\" alt=\"\" srcset=\"https:\/\/agroforestryfarming.com\/wp-content\/uploads\/2026\/01\/10003.jpg 760w, https:\/\/agroforestryfarming.com\/wp-content\/uploads\/2026\/01\/10003-300x244.jpg 300w\" sizes=\"(max-width: 760px) 100vw, 760px\" \/>\t\t\t\t\t\t\t\t\t\t\t\t\t\t\t<\/div>\n\t\t\t\t<div class=\"elementor-element elementor-element-537e2ec elementor-widget elementor-widget-text-editor\" data-id=\"537e2ec\" data-element_type=\"widget\" data-widget_type=\"text-editor.default\">\n\t\t\t\t\t\t\t\t\tSkogstr\u00e4dg\u00e5rdar \u00e4r odlingssystem som producerar mat samtidigt som de efterliknar strukturen och m\u00e5ngfalden av ett skogsekosystem. Dessa system best\u00e5r av flera vegetationsskikt med tr\u00e4d, buskar, \u00f6rter och kl\u00e4tterv\u00e4xter som v\u00e4xer p\u00e5 samma plats.<br><br>\n\nSkogstr\u00e4dg\u00e5rdar \u00e4r utm\u00e4rkta system f\u00f6r dig som vill \u00f6ka din sj\u00e4lvf\u00f6rs\u00f6rjningsgrad, om du \u00e4ger en tr\u00e4dg\u00e5rd, eller om du \u00e4r intresserad av ekologi och experimentation.\t\t\t\t\t\t\t\t<\/div>\n\t\t\t\t<\/div>\n\t\t<div class=\"elementor-element elementor-element-c83f5c7 e-con-full e-flex e-con e-child\" data-id=\"c83f5c7\" data-element_type=\"container\">\n\t\t\t\t<div class=\"elementor-element elementor-element-c2d622b elementor-widget elementor-widget-heading\" data-id=\"c2d622b\" data-element_type=\"widget\" data-widget_type=\"heading.default\">\n\t\t\t\t\t<h2 class=\"elementor-heading-title elementor-size-default\">M\u00e5ngfunktionellt vindskydd<\/h2>\t\t\t\t<\/div>\n\t\t\t\t<div class=\"elementor-element elementor-element-b69a637 elementor-widget elementor-widget-image\" data-id=\"b69a637\" data-element_type=\"widget\" data-widget_type=\"image.default\">\n\t\t\t\t\t\t\t\t\t\t\t\t\t\t\t<img decoding=\"async\" width=\"760\" height=\"618\" src=\"https:\/\/agroforestryfarming.com\/wp-content\/uploads\/2026\/01\/10004.jpg\" class=\"attachment-full size-full wp-image-182\" alt=\"\" srcset=\"https:\/\/agroforestryfarming.com\/wp-content\/uploads\/2026\/01\/10004.jpg 760w, https:\/\/agroforestryfarming.com\/wp-content\/uploads\/2026\/01\/10004-300x244.jpg 300w\" sizes=\"(max-width: 760px) 100vw, 760px\" \/>\t\t\t\t\t\t\t\t\t\t\t\t\t\t\t<\/div>\n\t\t\t\t<div class=\"elementor-element elementor-element-c1cf676 elementor-widget elementor-widget-text-editor\" data-id=\"c1cf676\" data-element_type=\"widget\" data-widget_type=\"text-editor.default\">\n\t\t\t\t\t\t\t\t\tM\u00e5ngfunktionella vindskydd kan \u00f6ka dina avkastningar samtidigt som de skyddar dina gr\u00f6dor och djur fr\u00e5n extrema klimatf\u00f6rh\u00e5llanden. M\u00e5ngfunktionella vindskydd kan ocks\u00e5 designas f\u00f6r att producera olika produkter, s\u00e5som frukter, n\u00f6tter, timmer och b\u00e4r, samt f\u00f6rb\u00e4ttra g\u00e5rdarnas naturliga ekosystem.\n\n <br><br>\n\nL\u00e4h\u00e4ckar p\u00e5 \u00e5kermark kan i de flesta fall vara ber\u00e4ttigat till g\u00e5rdsst\u00f6d i Sverige.\t\t\t\t\t\t\t\t<\/div>\n\t\t\t\t<\/div>\n\t\t\t\t<\/div>\n\t\t<div class=\"elementor-element elementor-element-fef9fa5 e-con-full e-flex e-con e-child\" data-id=\"fef9fa5\" data-element_type=\"container\">\n\t\t<div class=\"elementor-element elementor-element-8f320ac e-con-full e-flex e-con e-child\" data-id=\"8f320ac\" data-element_type=\"container\">\n\t\t\t\t<div class=\"elementor-element elementor-element-d421234 elementor-widget elementor-widget-heading\" data-id=\"d421234\" data-element_type=\"widget\" data-widget_type=\"heading.default\">\n\t\t\t\t\t<h2 class=\"elementor-heading-title elementor-size-default\">Kantzoner mot vattendrag<\/h2>\t\t\t\t<\/div>\n\t\t\t\t<div class=\"elementor-element elementor-element-48a5ea2 elementor-widget elementor-widget-image\" data-id=\"48a5ea2\" data-element_type=\"widget\" data-widget_type=\"image.default\">\n\t\t\t\t\t\t\t\t\t\t\t\t\t\t\t<img loading=\"lazy\" decoding=\"async\" width=\"760\" height=\"618\" src=\"https:\/\/agroforestryfarming.com\/wp-content\/uploads\/2026\/01\/10007.jpeg\" class=\"attachment-full size-full wp-image-194\" alt=\"\" srcset=\"https:\/\/agroforestryfarming.com\/wp-content\/uploads\/2026\/01\/10007.jpeg 760w, https:\/\/agroforestryfarming.com\/wp-content\/uploads\/2026\/01\/10007-300x244.jpeg 300w\" sizes=\"(max-width: 760px) 100vw, 760px\" \/>\t\t\t\t\t\t\t\t\t\t\t\t\t\t\t<\/div>\n\t\t\t\t<div class=\"elementor-element elementor-element-bfe5f04 elementor-widget elementor-widget-text-editor\" data-id=\"bfe5f04\" data-element_type=\"widget\" data-widget_type=\"text-editor.default\">\n\t\t\t\t\t\t\t\t\tKantzoner mot vattendrag \u00e4r remsor av gr\u00e4s, buskar eller tr\u00e4d som planteras intill vattendrag eller sj\u00f6ar. De f\u00f6rhindrar att f\u00f6roreningar fr\u00e5n jordbruket n\u00e5r vattendrag. Dessa system kan designas f\u00f6r att producera nya produkter eller skapa habitat f\u00f6r vilda djur och v\u00e4xter.\t\t\t\t\t\t\t\t<\/div>\n\t\t\t\t<\/div>\n\t\t<div class=\"elementor-element elementor-element-7847fd1 e-con-full e-flex e-con e-child\" data-id=\"7847fd1\" data-element_type=\"container\">\n\t\t\t\t<div class=\"elementor-element elementor-element-65e79f4 elementor-widget elementor-widget-heading\" data-id=\"65e79f4\" data-element_type=\"widget\" data-widget_type=\"heading.default\">\n\t\t\t\t\t<h2 class=\"elementor-heading-title elementor-size-default\">\nBetesskogsbruk<\/h2>\t\t\t\t<\/div>\n\t\t\t\t<div class=\"elementor-element elementor-element-48e756a elementor-widget elementor-widget-image\" data-id=\"48e756a\" data-element_type=\"widget\" data-widget_type=\"image.default\">\n\t\t\t\t\t\t\t\t\t\t\t\t\t\t\t<img loading=\"lazy\" decoding=\"async\" width=\"760\" height=\"618\" src=\"https:\/\/agroforestryfarming.com\/wp-content\/uploads\/2026\/01\/10006.png\" class=\"attachment-full size-full wp-image-193\" alt=\"\" srcset=\"https:\/\/agroforestryfarming.com\/wp-content\/uploads\/2026\/01\/10006.png 760w, https:\/\/agroforestryfarming.com\/wp-content\/uploads\/2026\/01\/10006-300x244.png 300w\" sizes=\"(max-width: 760px) 100vw, 760px\" \/>\t\t\t\t\t\t\t\t\t\t\t\t\t\t\t<\/div>\n\t\t\t\t<div class=\"elementor-element elementor-element-86eca15 elementor-widget elementor-widget-text-editor\" data-id=\"86eca15\" data-element_type=\"widget\" data-widget_type=\"text-editor.default\">\n\t\t\t\t\t\t\t\t\t<p>Betesskogsbruk \u00e4r integrationen av tr\u00e4d och betande djur. Betesskogsbruk-system kan producera n\u00e4ringsrikt foder fr\u00e5n tr\u00e4den och f\u00f6rb\u00e4ttra djurens v\u00e4lm\u00e5ende. Dessutom kan de \u00f6ka gr\u00e4sproduktionen och skapa extra int\u00e4kter genom att producera nya produkter fr\u00e5n tr\u00e4den.<\/p>\t\t\t\t\t\t\t\t<\/div>\n\t\t\t\t<\/div>\n\t\t<div class=\"elementor-element elementor-element-9a3a76a e-con-full e-flex e-con e-child\" data-id=\"9a3a76a\" data-element_type=\"container\">\n\t\t\t\t<div class=\"elementor-element elementor-element-c93463a elementor-widget elementor-widget-heading\" data-id=\"c93463a\" data-element_type=\"widget\" data-widget_type=\"heading.default\">\n\t\t\t\t\t<h2 class=\"elementor-heading-title elementor-size-default\">N\u00f6t och virkes                    agroforestry system <\/h2>\t\t\t\t<\/div>\n\t\t\t\t<div class=\"elementor-element elementor-element-975b325 elementor-widget elementor-widget-image\" data-id=\"975b325\" data-element_type=\"widget\" data-widget_type=\"image.default\">\n\t\t\t\t\t\t\t\t\t\t\t\t\t\t\t<img loading=\"lazy\" decoding=\"async\" width=\"760\" height=\"618\" src=\"https:\/\/agroforestryfarming.com\/wp-content\/uploads\/2026\/01\/10005.jpg\" class=\"attachment-full size-full wp-image-192\" alt=\"\" srcset=\"https:\/\/agroforestryfarming.com\/wp-content\/uploads\/2026\/01\/10005.jpg 760w, https:\/\/agroforestryfarming.com\/wp-content\/uploads\/2026\/01\/10005-300x244.jpg 300w\" sizes=\"(max-width: 760px) 100vw, 760px\" \/>\t\t\t\t\t\t\t\t\t\t\t\t\t\t\t<\/div>\n\t\t\t\t<div class=\"elementor-element elementor-element-100cf82 elementor-widget elementor-widget-text-editor\" data-id=\"100cf82\" data-element_type=\"widget\" data-widget_type=\"text-editor.default\">\n\t\t\t\t\t\t\t\t\tN\u00f6t och virkes agroforestry system passar bra i olika typer av mark. De kan etableras i tr\u00e4dg\u00e5rdar, p\u00e5 \u00e5kermark, betesmark eller i skogar. \n\n <br><br>\n\nN\u00f6t och virkes agroforestry system \u00e4r l\u00e5ngsiktiga produktionssystem med l\u00e5ga sk\u00f6tselkostnader. De kan designas f\u00f6r att f\u00f6rb\u00e4ttra g\u00e5rdens l\u00e5ngsiktiga resiliens, binda kol, \u00f6ka den biologiska m\u00e5ngfalden, eller f\u00f6rb\u00e4ttra g\u00e5rdarnas och markens l\u00f6nsamhet.\t\t\t\t\t\t\t\t<\/div>\n\t\t\t\t<\/div>\n\t\t\t\t<\/div>\n\t\t\t\t\t<\/div>\n\t\t\t\t<\/div>\n\t\t\t\t<\/div>","protected":false},"excerpt":{"rendered":"<p>Consulting Agroforestry systems are as diverse as the landowners who manage them. We believe that the best systems are the [&hellip;]<\/p>","protected":false},"author":2,"featured_media":0,"parent":0,"menu_order":0,"comment_status":"closed","ping_status":"closed","template":"elementor_header_footer","meta":{"site-sidebar-layout":"no-sidebar","site-content-layout":"","ast-site-content-layout":"full-width-container","site-content-style":"default","site-sidebar-style":"default","ast-global-header-display":"","ast-banner-title-visibility":"","ast-main-header-display":"","ast-hfb-above-header-display":"","ast-hfb-below-header-display":"","ast-hfb-mobile-header-display":"","site-post-title":"","ast-breadcrumbs-content":"","ast-featured-img":"disabled","footer-sml-layout":"","ast-disable-related-posts":"","theme-transparent-header-meta":"","adv-header-id-meta":"","stick-header-meta":"","header-above-stick-meta":"","header-main-stick-meta":"","header-below-stick-meta":"","astra-migrate-meta-layouts":"default","ast-page-background-enabled":"default","ast-page-background-meta":{"desktop":{"background-color":"var(--ast-global-color-5)","background-image":"","background-repeat":"repeat","background-position":"center center","background-size":"auto","background-attachment":"scroll","background-type":"","background-media":"","overlay-type":"","overlay-color":"","overlay-opacity":"","overlay-gradient":""},"tablet":{"background-color":"","background-image":"","background-repeat":"repeat","background-position":"center center","background-size":"auto","background-attachment":"scroll","background-type":"","background-media":"","overlay-type":"","overlay-color":"","overlay-opacity":"","overlay-gradient":""},"mobile":{"background-color":"","background-image":"","background-repeat":"repeat","background-position":"center center","background-size":"auto","background-attachment":"scroll","background-type":"","background-media":"","overlay-type":"","overlay-color":"","overlay-opacity":"","overlay-gradient":""}},"ast-content-background-meta":{"desktop":{"background-color":"var(--ast-global-color-4)","background-image":"","background-repeat":"repeat","background-position":"center center","background-size":"auto","background-attachment":"scroll","background-type":"","background-media":"","overlay-type":"","overlay-color":"","overlay-opacity":"","overlay-gradient":""},"tablet":{"background-color":"var(--ast-global-color-4)","background-image":"","background-repeat":"repeat","background-position":"center center","background-size":"auto","background-attachment":"scroll","background-type":"","background-media":"","overlay-type":"","overlay-color":"","overlay-opacity":"","overlay-gradient":""},"mobile":{"background-color":"var(--ast-global-color-4)","background-image":"","background-repeat":"repeat","background-position":"center center","background-size":"auto","background-attachment":"scroll","background-type":"","background-media":"","overlay-type":"","overlay-color":"","overlay-opacity":"","overlay-gradient":""}},"footnotes":""},"class_list":["post-167","page","type-page","status-publish","hentry"],"_links":{"self":[{"href":"https:\/\/agroforestryfarming.com\/sv\/wp-json\/wp\/v2\/pages\/167","targetHints":{"allow":["GET"]}}],"collection":[{"href":"https:\/\/agroforestryfarming.com\/sv\/wp-json\/wp\/v2\/pages"}],"about":[{"href":"https:\/\/agroforestryfarming.com\/sv\/wp-json\/wp\/v2\/types\/page"}],"author":[{"embeddable":true,"href":"https:\/\/agroforestryfarming.com\/sv\/wp-json\/wp\/v2\/users\/2"}],"replies":[{"embeddable":true,"href":"https:\/\/agroforestryfarming.com\/sv\/wp-json\/wp\/v2\/comments?post=167"}],"version-history":[{"count":46,"href":"https:\/\/agroforestryfarming.com\/sv\/wp-json\/wp\/v2\/pages\/167\/revisions"}],"predecessor-version":[{"id":515,"href":"https:\/\/agroforestryfarming.com\/sv\/wp-json\/wp\/v2\/pages\/167\/revisions\/515"}],"wp:attachment":[{"href":"https:\/\/agroforestryfarming.com\/sv\/wp-json\/wp\/v2\/media?parent=167"}],"curies":[{"name":"wp","href":"https:\/\/api.w.org\/{rel}","templated":true}]}}