{"id":210,"date":"2026-01-01T13:50:24","date_gmt":"2026-01-01T13:50:24","guid":{"rendered":"https:\/\/agroforestryfarming.com\/?page_id=210"},"modified":"2026-02-01T10:04:51","modified_gmt":"2026-02-01T10:04:51","slug":"presentations-workshops","status":"publish","type":"page","link":"https:\/\/agroforestryfarming.com\/sv\/presentations-workshops\/","title":{"rendered":"F\u00f6rel\u00e4sningar &amp; Workshops"},"content":{"rendered":"<div data-elementor-type=\"wp-page\" data-elementor-id=\"210\" class=\"elementor elementor-210\" data-elementor-post-type=\"page\">\n\t\t\t\t<div class=\"elementor-element elementor-element-22a791d e-flex e-con-boxed e-con e-parent\" data-id=\"22a791d\" data-element_type=\"container\" data-settings=\"{&quot;background_background&quot;:&quot;classic&quot;}\">\n\t\t\t\t\t<div class=\"e-con-inner\">\n\t\t\t\t<div class=\"elementor-element elementor-element-fdaead1 elementor-absolute elementor-widget__width-initial elementor-widget elementor-widget-text-editor\" data-id=\"fdaead1\" data-element_type=\"widget\" data-settings=\"{&quot;_position&quot;:&quot;absolute&quot;}\" data-widget_type=\"text-editor.default\">\n\t\t\t\t\t\t\t\t\t<p>Foto taget av Jeremy Gugenheim, Wakelyns g\u00e5rd<\/p>\t\t\t\t\t\t\t\t<\/div>\n\t\t<div class=\"elementor-element elementor-element-eb1a848 e-con-full e-flex e-con e-child\" data-id=\"eb1a848\" data-element_type=\"container\">\n\t\t\t\t<div class=\"elementor-element elementor-element-1f4bee3 elementor-absolute elementor-widget elementor-widget-heading\" data-id=\"1f4bee3\" data-element_type=\"widget\" data-settings=\"{&quot;_position&quot;:&quot;absolute&quot;}\" data-widget_type=\"heading.default\">\n\t\t\t\t\t<h2 class=\"elementor-heading-title elementor-size-default\">F\u00f6rel\u00e4sningar &amp; Workshops<\/h2>\t\t\t\t<\/div>\n\t\t\t\t<\/div>\n\t\t\t\t\t<\/div>\n\t\t\t\t<\/div>\n\t\t<div class=\"elementor-element elementor-element-b63ce6f e-flex e-con-boxed e-con e-parent\" data-id=\"b63ce6f\" data-element_type=\"container\">\n\t\t\t\t\t<div class=\"e-con-inner\">\n\t\t\t\t<div class=\"elementor-element elementor-element-bb5c807 elementor-widget elementor-widget-heading\" data-id=\"bb5c807\" data-element_type=\"widget\" data-widget_type=\"heading.default\">\n\t\t\t\t\t<h2 class=\"elementor-heading-title elementor-size-default\">F\u00f6rel\u00e4sningar &amp; Workshops<\/h2>\t\t\t\t<\/div>\n\t\t\t\t<div class=\"elementor-element elementor-element-f8c783b elementor-widget elementor-widget-text-editor\" data-id=\"f8c783b\" data-element_type=\"widget\" data-widget_type=\"text-editor.default\">\n\t\t\t\t\t\t\t\t\tJag erbjuder personliga eller digitala f\u00f6rel\u00e4sningar och workshops om agroforestry. Jag kan anpassa inneh\u00e5llet och l\u00e4ngden enligt era \u00f6nskem\u00e5l. Mitt huvudsakliga kompetensomr\u00e5de \u00e4r till\u00e4mpningen av agroforestry i Sverige och Europa.\t\t\t\t\t\t\t\t<\/div>\n\t\t\t\t<div class=\"elementor-element elementor-element-f01c69c elementor-widget elementor-widget-text-editor\" data-id=\"f01c69c\" data-element_type=\"widget\" data-widget_type=\"text-editor.default\">\n\t\t\t\t\t\t\t\t\tJag har 7 \u00e5rs praktisk erfarenhet av att arbeta med agroforestry.  Sedan 2020 har jag lett projektet<a href=\"https:\/\/www.vgregion.se\/f\/naturbruk\/development-and-innovation-english\/Projects\/ongoing-projects\/test-environment-agroforestry\/\" target=\"_blank\" rel=\"noopener\">Testmilj\u00f6 Agroforestry<\/a>p\u00e5 Angereds g\u00e5rd, d\u00e4r vi etablerar Sveriges st\u00f6rsta och mest m\u00e5ngfaldsrika testmilj\u00f6 f\u00f6r agroforestry. Dessutom har jag bes\u00f6kt \u00f6ver 50 g\u00e5rdar som till\u00e4mpar agroforestry runt om i Europa. Under dessa bes\u00f6k har jag intervjuat lantbrukarna f\u00f6r att f\u00f6rst\u00e5 hur agroforestry praktiseras i olika sammanhang i Europa. Som en f\u00f6ljd av detta arbete skrev jag<a href=\"https:\/\/mellanarkiv-offentlig.vgregion.se\/alfresco\/s\/archive\/stream\/public\/v1\/source\/available\/sofia\/ns6921-741631589-3478\/surrogate\/Agroforestry%20in%20Europe%20%e2%80%93%20A%20practical%20handbook%20-%20komprimerad.pdf\" target=\"_blank\" rel=\"noopener\">\"Agroforestry in Europe \u2013 A practical handbook\"<\/a>, som \u00e4r den f\u00f6rsta praktiska handbok om europeisk agroforestry.\t\t\t\t\t\t\t\t<\/div>\n\t\t\t\t<div class=\"elementor-element elementor-element-2d349d7 elementor-widget elementor-widget-text-editor\" data-id=\"2d349d7\" data-element_type=\"widget\" data-widget_type=\"text-editor.default\">\n\t\t\t\t\t\t\t\t\tF\u00f6r mer information om priserna och f\u00f6r att boka en f\u00f6rel\u00e4sning, mejla mig p\u00e5 info@agroforestryfarming.com.\t\t\t\t\t\t\t\t<\/div>\n\t\t\t\t\t<\/div>\n\t\t\t\t<\/div>\n\t\t\t\t<\/div>","protected":false},"excerpt":{"rendered":"<p>Photo taken by Jeremy Gugenheim, Wakelyns farm Presentations &amp; Workshops Presentations &amp; workshops I offer in-person or digital presentations and [&hellip;]<\/p>","protected":false},"author":2,"featured_media":0,"parent":0,"menu_order":0,"comment_status":"closed","ping_status":"closed","template":"elementor_header_footer","meta":{"site-sidebar-layout":"no-sidebar","site-content-layout":"","ast-site-content-layout":"full-width-container","site-content-style":"default","site-sidebar-style":"default","ast-global-header-display":"","ast-banner-title-visibility":"","ast-main-header-display":"","ast-hfb-above-header-display":"","ast-hfb-below-header-display":"","ast-hfb-mobile-header-display":"","site-post-title":"","ast-breadcrumbs-content":"","ast-featured-img":"disabled","footer-sml-layout":"","ast-disable-related-posts":"","theme-transparent-header-meta":"","adv-header-id-meta":"","stick-header-meta":"","header-above-stick-meta":"","header-main-stick-meta":"","header-below-stick-meta":"","astra-migrate-meta-layouts":"default","ast-page-background-enabled":"default","ast-page-background-meta":{"desktop":{"background-color":"var(--ast-global-color-5)","background-image":"","background-repeat":"repeat","background-position":"center center","background-size":"auto","background-attachment":"scroll","background-type":"","background-media":"","overlay-type":"","overlay-color":"","overlay-opacity":"","overlay-gradient":""},"tablet":{"background-color":"","background-image":"","background-repeat":"repeat","background-position":"center center","background-size":"auto","background-attachment":"scroll","background-type":"","background-media":"","overlay-type":"","overlay-color":"","overlay-opacity":"","overlay-gradient":""},"mobile":{"background-color":"","background-image":"","background-repeat":"repeat","background-position":"center center","background-size":"auto","background-attachment":"scroll","background-type":"","background-media":"","overlay-type":"","overlay-color":"","overlay-opacity":"","overlay-gradient":""}},"ast-content-background-meta":{"desktop":{"background-color":"var(--ast-global-color-4)","background-image":"","background-repeat":"repeat","background-position":"center center","background-size":"auto","background-attachment":"scroll","background-type":"","background-media":"","overlay-type":"","overlay-color":"","overlay-opacity":"","overlay-gradient":""},"tablet":{"background-color":"var(--ast-global-color-4)","background-image":"","background-repeat":"repeat","background-position":"center center","background-size":"auto","background-attachment":"scroll","background-type":"","background-media":"","overlay-type":"","overlay-color":"","overlay-opacity":"","overlay-gradient":""},"mobile":{"background-color":"var(--ast-global-color-4)","background-image":"","background-repeat":"repeat","background-position":"center center","background-size":"auto","background-attachment":"scroll","background-type":"","background-media":"","overlay-type":"","overlay-color":"","overlay-opacity":"","overlay-gradient":""}},"footnotes":""},"class_list":["post-210","page","type-page","status-publish","hentry"],"_links":{"self":[{"href":"https:\/\/agroforestryfarming.com\/sv\/wp-json\/wp\/v2\/pages\/210","targetHints":{"allow":["GET"]}}],"collection":[{"href":"https:\/\/agroforestryfarming.com\/sv\/wp-json\/wp\/v2\/pages"}],"about":[{"href":"https:\/\/agroforestryfarming.com\/sv\/wp-json\/wp\/v2\/types\/page"}],"author":[{"embeddable":true,"href":"https:\/\/agroforestryfarming.com\/sv\/wp-json\/wp\/v2\/users\/2"}],"replies":[{"embeddable":true,"href":"https:\/\/agroforestryfarming.com\/sv\/wp-json\/wp\/v2\/comments?post=210"}],"version-history":[{"count":64,"href":"https:\/\/agroforestryfarming.com\/sv\/wp-json\/wp\/v2\/pages\/210\/revisions"}],"predecessor-version":[{"id":571,"href":"https:\/\/agroforestryfarming.com\/sv\/wp-json\/wp\/v2\/pages\/210\/revisions\/571"}],"wp:attachment":[{"href":"https:\/\/agroforestryfarming.com\/sv\/wp-json\/wp\/v2\/media?parent=210"}],"curies":[{"name":"wp","href":"https:\/\/api.w.org\/{rel}","templated":true}]}}