{"id":231,"date":"2026-01-01T13:57:53","date_gmt":"2026-01-01T13:57:53","guid":{"rendered":"https:\/\/agroforestryfarming.com\/?page_id=231"},"modified":"2026-01-01T14:05:46","modified_gmt":"2026-01-01T14:05:46","slug":"what-is-agroforestry","status":"publish","type":"page","link":"https:\/\/agroforestryfarming.com\/sv\/what-is-agroforestry\/","title":{"rendered":"Vad \u00e4r Agroforestry?"},"content":{"rendered":"<div data-elementor-type=\"wp-page\" data-elementor-id=\"231\" class=\"elementor elementor-231\" data-elementor-post-type=\"page\">\n\t\t\t\t<div class=\"elementor-element elementor-element-464e23b e-flex e-con-boxed e-con e-parent\" data-id=\"464e23b\" data-element_type=\"container\" data-settings=\"{&quot;background_background&quot;:&quot;classic&quot;}\">\n\t\t\t\t\t<div class=\"e-con-inner\">\n\t\t\t\t<div class=\"elementor-element elementor-element-23d12ae elementor-widget elementor-widget-heading\" data-id=\"23d12ae\" data-element_type=\"widget\" data-widget_type=\"heading.default\">\n\t\t\t\t\t<h2 class=\"elementor-heading-title elementor-size-default\">Vad \u00e4r Agroforestry?<\/h2>\t\t\t\t<\/div>\n\t\t\t\t<div class=\"elementor-element elementor-element-f44e35a elementor-absolute elementor-widget elementor-widget-text-editor\" data-id=\"f44e35a\" data-element_type=\"widget\" data-settings=\"{&quot;_position&quot;:&quot;absolute&quot;}\" data-widget_type=\"text-editor.default\">\n\t\t\t\t\t\t\t\t\tPhoto taken by AGFORWARD project, cattle grazing in Wood Pastures in Epping Forest, UK\t\t\t\t\t\t\t\t<\/div>\n\t\t\t\t\t<\/div>\n\t\t\t\t<\/div>\n\t\t<div class=\"elementor-element elementor-element-8eb3faf e-flex e-con-boxed e-con e-parent\" data-id=\"8eb3faf\" data-element_type=\"container\">\n\t\t\t\t\t<div class=\"e-con-inner\">\n\t\t\t\t<div class=\"elementor-element elementor-element-21cf0b1 elementor-widget elementor-widget-heading\" data-id=\"21cf0b1\" data-element_type=\"widget\" data-widget_type=\"heading.default\">\n\t\t\t\t\t<h2 class=\"elementor-heading-title elementor-size-default\">Vad \u00e4r agroforestry?<\/h2>\t\t\t\t<\/div>\n\t\t\t\t<div class=\"elementor-element elementor-element-552a918 elementor-widget elementor-widget-text-editor\" data-id=\"552a918\" data-element_type=\"widget\" data-widget_type=\"text-editor.default\">\n\t\t\t\t\t\t\t\t\t<p class=\"font_8 wixui-rich-text__text\"><span class=\"wixui-rich-text__text\">Agroforestry \u00e4r den avsiktliga anv\u00e4ndningen av tr\u00e4d och buskar i lantbruket. Agroforestry system anv\u00e4nder naturliga ekosystem som f\u00f6rebilder. Genom att efterlikna naturliga ekosystem kan jordbrukarna skapa mer produktiva och motst\u00e5ndskraftiga system som \u00e4r mindre beroende av externa insatsvaror.\u00a0<\/span><\/p><p class=\"font_8 wixui-rich-text__text\"><span class=\"wixui-rich-text__text\">Agroforestry handlar oftast om att integrera tr\u00e4d i jordbruket. Men agroforestry-principerna kan ocks\u00e5 anpassas till skogsbruk eller tr\u00e4dg\u00e5rdsodling. I skogsbruk vill man introducera en gr\u00f6da som trivs i en skuggig och fuktig milj\u00f6. Denna metod kallas f\u00f6r skogsodling. I tr\u00e4dg\u00e5rdar vill man skapa ett skogsliknande ekosystem som producerar mat. Dessa system kallas f\u00f6r skogstr\u00e4dg\u00e5rdar.<\/span><\/p><p class=\"font_8 wixui-rich-text__text\"><span class=\"wixui-rich-text__text\">Det finns m\u00e5nga olika rumsliga konfigurationer och artsammans\u00e4ttningar i tempererade agroforestry system. Agroforestry system kategoriseras dock vanligtvis i de 6 f\u00f6ljande kategorier:<\/span><\/p>\t\t\t\t\t\t\t\t<\/div>\n\t\t\t\t<div class=\"elementor-element elementor-element-9d4f678 elementor-widget elementor-widget-text-editor\" data-id=\"9d4f678\" data-element_type=\"widget\" data-widget_type=\"text-editor.default\">\n\t\t\t\t\t\t\t\t\t<ol><li>Kantzoner mot vattendrag<\/li><li>L\u00e4h\u00e4ckar<\/li><li>All\u00e9-odling<\/li><li>Betesskogsbruk<\/li><li>Skogstr\u00e4dg\u00e5rdar<\/li><li>Skogsodling<\/li><\/ol>\t\t\t\t\t\t\t\t<\/div>\n\t\t\t\t<div class=\"elementor-element elementor-element-51a1b23 elementor-widget elementor-widget-image\" data-id=\"51a1b23\" data-element_type=\"widget\" data-widget_type=\"image.default\">\n\t\t\t\t\t\t\t\t\t\t\t\t\t\t\t<img fetchpriority=\"high\" decoding=\"async\" width=\"704\" height=\"539\" src=\"https:\/\/agroforestryfarming.com\/wp-content\/uploads\/2026\/01\/10002.png\" class=\"attachment-full size-full wp-image-238\" alt=\"\" srcset=\"https:\/\/agroforestryfarming.com\/wp-content\/uploads\/2026\/01\/10002.png 704w, https:\/\/agroforestryfarming.com\/wp-content\/uploads\/2026\/01\/10002-300x230.png 300w\" sizes=\"(max-width: 704px) 100vw, 704px\" \/>\t\t\t\t\t\t\t\t\t\t\t\t\t\t\t<\/div>\n\t\t\t\t<div class=\"elementor-element elementor-element-68cac9e elementor-widget elementor-widget-text-editor\" data-id=\"68cac9e\" data-element_type=\"widget\" data-widget_type=\"text-editor.default\">\n\t\t\t\t\t\t\t\t\t<p class=\"font_8 wixui-rich-text__text\">Silvoarable agroforestry experiment med poppel och korn i Bedfordshire i 2002. K\u00e4lla: AGFORWAD projekt\u00a0<span class=\"wixui-rich-text__text\"><a class=\"wixui-rich-text__text\" href=\"https:\/\/www.flickr.com\/photos\/agforward\/with\/13968632175\" target=\"_blank\" rel=\"noreferrer noopener\">AGFORWAD project<\/a><\/span><\/p>\t\t\t\t\t\t\t\t<\/div>\n\t\t\t\t<div class=\"elementor-element elementor-element-1fc2ee9 elementor-widget elementor-widget-facebook-comments\" data-id=\"1fc2ee9\" data-element_type=\"widget\" data-widget_type=\"facebook-comments.default\">\n\t\t\t\t\t\t\t<div class=\"elementor-facebook-widget fb-comments\" data-href=\"https:\/\/agroforestryfarming.com\/sv?p=231\" data-width=\"100%\" data-numposts=\"10\" data-order-by=\"social\" style=\"min-height: 1px\"><\/div>\n\t\t\t\t\t\t<\/div>\n\t\t\t\t\t<\/div>\n\t\t\t\t<\/div>\n\t\t\t\t<\/div>","protected":false},"excerpt":{"rendered":"<p>What is Agroforestry? Photo taken by AGFORWARD project, cattle grazing in Wood Pastures in Epping Forest, UK What is agroforestry? [&hellip;]<\/p>","protected":false},"author":2,"featured_media":0,"parent":0,"menu_order":0,"comment_status":"closed","ping_status":"closed","template":"elementor_header_footer","meta":{"site-sidebar-layout":"no-sidebar","site-content-layout":"","ast-site-content-layout":"full-width-container","site-content-style":"default","site-sidebar-style":"default","ast-global-header-display":"","ast-banner-title-visibility":"","ast-main-header-display":"","ast-hfb-above-header-display":"","ast-hfb-below-header-display":"","ast-hfb-mobile-header-display":"","site-post-title":"","ast-breadcrumbs-content":"","ast-featured-img":"disabled","footer-sml-layout":"","ast-disable-related-posts":"","theme-transparent-header-meta":"","adv-header-id-meta":"","stick-header-meta":"","header-above-stick-meta":"","header-main-stick-meta":"","header-below-stick-meta":"","astra-migrate-meta-layouts":"default","ast-page-background-enabled":"default","ast-page-background-meta":{"desktop":{"background-color":"var(--ast-global-color-5)","background-image":"","background-repeat":"repeat","background-position":"center center","background-size":"auto","background-attachment":"scroll","background-type":"","background-media":"","overlay-type":"","overlay-color":"","overlay-opacity":"","overlay-gradient":""},"tablet":{"background-color":"","background-image":"","background-repeat":"repeat","background-position":"center center","background-size":"auto","background-attachment":"scroll","background-type":"","background-media":"","overlay-type":"","overlay-color":"","overlay-opacity":"","overlay-gradient":""},"mobile":{"background-color":"","background-image":"","background-repeat":"repeat","background-position":"center center","background-size":"auto","background-attachment":"scroll","background-type":"","background-media":"","overlay-type":"","overlay-color":"","overlay-opacity":"","overlay-gradient":""}},"ast-content-background-meta":{"desktop":{"background-color":"var(--ast-global-color-4)","background-image":"","background-repeat":"repeat","background-position":"center center","background-size":"auto","background-attachment":"scroll","background-type":"","background-media":"","overlay-type":"","overlay-color":"","overlay-opacity":"","overlay-gradient":""},"tablet":{"background-color":"var(--ast-global-color-4)","background-image":"","background-repeat":"repeat","background-position":"center center","background-size":"auto","background-attachment":"scroll","background-type":"","background-media":"","overlay-type":"","overlay-color":"","overlay-opacity":"","overlay-gradient":""},"mobile":{"background-color":"var(--ast-global-color-4)","background-image":"","background-repeat":"repeat","background-position":"center center","background-size":"auto","background-attachment":"scroll","background-type":"","background-media":"","overlay-type":"","overlay-color":"","overlay-opacity":"","overlay-gradient":""}},"footnotes":""},"class_list":["post-231","page","type-page","status-publish","hentry"],"_links":{"self":[{"href":"https:\/\/agroforestryfarming.com\/sv\/wp-json\/wp\/v2\/pages\/231","targetHints":{"allow":["GET"]}}],"collection":[{"href":"https:\/\/agroforestryfarming.com\/sv\/wp-json\/wp\/v2\/pages"}],"about":[{"href":"https:\/\/agroforestryfarming.com\/sv\/wp-json\/wp\/v2\/types\/page"}],"author":[{"embeddable":true,"href":"https:\/\/agroforestryfarming.com\/sv\/wp-json\/wp\/v2\/users\/2"}],"replies":[{"embeddable":true,"href":"https:\/\/agroforestryfarming.com\/sv\/wp-json\/wp\/v2\/comments?post=231"}],"version-history":[{"count":13,"href":"https:\/\/agroforestryfarming.com\/sv\/wp-json\/wp\/v2\/pages\/231\/revisions"}],"predecessor-version":[{"id":247,"href":"https:\/\/agroforestryfarming.com\/sv\/wp-json\/wp\/v2\/pages\/231\/revisions\/247"}],"wp:attachment":[{"href":"https:\/\/agroforestryfarming.com\/sv\/wp-json\/wp\/v2\/media?parent=231"}],"curies":[{"name":"wp","href":"https:\/\/api.w.org\/{rel}","templated":true}]}}