{"id":288,"date":"2026-01-01T14:45:34","date_gmt":"2026-01-01T14:45:34","guid":{"rendered":"https:\/\/agroforestryfarming.com\/?page_id=288"},"modified":"2026-02-01T10:04:01","modified_gmt":"2026-02-01T10:04:01","slug":"agroforestry-design","status":"publish","type":"page","link":"https:\/\/agroforestryfarming.com\/sv\/agroforestry-design\/","title":{"rendered":"Design"},"content":{"rendered":"<div data-elementor-type=\"wp-page\" data-elementor-id=\"288\" class=\"elementor elementor-288\" data-elementor-post-type=\"page\">\n\t\t\t\t<div class=\"elementor-element elementor-element-1483de1 e-flex e-con-boxed e-con e-parent\" data-id=\"1483de1\" data-element_type=\"container\" data-settings=\"{&quot;background_background&quot;:&quot;classic&quot;}\">\n\t\t\t\t\t<div class=\"e-con-inner\">\n\t\t\t\t<div class=\"elementor-element elementor-element-9e6fffd elementor-widget elementor-widget-heading\" data-id=\"9e6fffd\" data-element_type=\"widget\" data-widget_type=\"heading.default\">\n\t\t\t\t\t<h2 class=\"elementor-heading-title elementor-size-default\">Design<\/h2>\t\t\t\t<\/div>\n\t\t\t\t<div class=\"elementor-element elementor-element-0fb4510 elementor-absolute elementor-widget elementor-widget-text-editor\" data-id=\"0fb4510\" data-element_type=\"widget\" data-settings=\"{&quot;_position&quot;:&quot;absolute&quot;}\" data-widget_type=\"text-editor.default\">\n\t\t\t\t\t\t\t\t\tPhoto taken by AGFORWARD project, Pines and vines, Restinclieres\t\t\t\t\t\t\t\t<\/div>\n\t\t\t\t\t<\/div>\n\t\t\t\t<\/div>\n\t\t<div class=\"elementor-element elementor-element-077917f e-flex e-con-boxed e-con e-parent\" data-id=\"077917f\" data-element_type=\"container\">\n\t\t\t\t\t<div class=\"e-con-inner\">\n\t\t\t\t<div class=\"elementor-element elementor-element-738ca4b elementor-widget elementor-widget-heading\" data-id=\"738ca4b\" data-element_type=\"widget\" data-widget_type=\"heading.default\">\n\t\t\t\t\t<h2 class=\"elementor-heading-title elementor-size-default\">Designa ditt system<\/h2>\t\t\t\t<\/div>\n\t\t\t\t<div class=\"elementor-element elementor-element-2438aaa elementor-widget elementor-widget-text-editor\" data-id=\"2438aaa\" data-element_type=\"widget\" data-widget_type=\"text-editor.default\">\n\t\t\t\t\t\t\t\t\t<p>\u00c4r du intresserad av att implementera agroforestry, men du vet inte var du ska b\u00f6rja? K\u00e4nner du dig trygg som lantbrukare, men du k\u00e4nner att du saknar kunskap och kompetens om hur du kan integrera tr\u00e4d i din mark? P\u00e5 den h\u00e4r sidan hittar du stegen jag skulle rekommendera dig att f\u00f6lja n\u00e4r du designar ett agroforestry-system.<\/p>\t\t\t\t\t\t\t\t<\/div>\n\t\t\t\t<div class=\"elementor-element elementor-element-e575711 elementor-widget elementor-widget-image\" data-id=\"e575711\" data-element_type=\"widget\" data-widget_type=\"image.default\">\n\t\t\t\t\t\t\t\t\t\t\t\t\t\t\t<img fetchpriority=\"high\" decoding=\"async\" width=\"600\" height=\"400\" src=\"https:\/\/agroforestryfarming.com\/wp-content\/uploads\/2026\/01\/10001-1.png\" class=\"attachment-full size-full wp-image-291\" alt=\"\" srcset=\"https:\/\/agroforestryfarming.com\/wp-content\/uploads\/2026\/01\/10001-1.png 600w, https:\/\/agroforestryfarming.com\/wp-content\/uploads\/2026\/01\/10001-1-300x200.png 300w\" sizes=\"(max-width: 600px) 100vw, 600px\" \/>\t\t\t\t\t\t\t\t\t\t\t\t\t\t\t<\/div>\n\t\t\t\t<div class=\"elementor-element elementor-element-c062e8d elementor-widget elementor-widget-text-editor\" data-id=\"c062e8d\" data-element_type=\"widget\" data-widget_type=\"text-editor.default\">\n\t\t\t\t\t\t\t\t\t<p class=\"font_8 wixui-rich-text__text\">Hybrid poplar linear plantation, Farm La Casaria Masi (Padova), Northen Italy. Source:\u00a0<span class=\"wixui-rich-text__text\"><a class=\"wixui-rich-text__text\" href=\"https:\/\/www.flickr.com\/photos\/agforward\/page2\" target=\"_blank\" rel=\"noreferrer noopener\">AGFORWARD project<\/a><\/span><\/p>\t\t\t\t\t\t\t\t<\/div>\n\t\t\t\t<div class=\"elementor-element elementor-element-3271da8 elementor-widget elementor-widget-text-editor\" data-id=\"3271da8\" data-element_type=\"widget\" data-widget_type=\"text-editor.default\">\n\t\t\t\t\t\t\t\t\t<h2 class=\"font_2 wixui-rich-text__text\"><span style=\"color: #000000;\"><strong><span class=\"wixui-rich-text__text\">Designa ditt eget agroforestry-<\/span><span class=\"wixui-rich-text__text\">system<\/span><\/strong><\/span><\/h2>\t\t\t\t\t\t\t\t<\/div>\n\t\t\t\t<div class=\"elementor-element elementor-element-e7688f2 elementor-widget elementor-widget-text-editor\" data-id=\"e7688f2\" data-element_type=\"widget\" data-widget_type=\"text-editor.default\">\n\t\t\t\t\t\t\t\t\t<p class=\"font_8 wixui-rich-text__text\"><span class=\"wixui-rich-text__text\">N\u00e4r du b\u00f6rjar designa ditt agroforestry-system b\u00f6r du alltid ha principen om riskhantering i bakhuvudet. Att integrera fler tr\u00e4d p\u00e5 din g\u00e5rd inneb\u00e4r vissa risker, t.ex. att f\u00f6rlora pengar, \u00f6ka sk\u00f6tseltiden, konkurrens om solljus och n\u00e4rings\u00e4mnen, eller att tr\u00e4den skadas eller blir sjuka. Du b\u00f6r dock vara lika medveten om att det ocks\u00e5 \u00e4r riskabelt att INTE ha tr\u00e4d p\u00e5 din g\u00e5rd. N\u00e5gra av riskerna med att inte ha tr\u00e4d p\u00e5 din g\u00e5rd \u00e4r: exponering mot negativa v\u00e4derf\u00f6rh\u00e5llanden, jorderosion, f\u00f6rlust av den biologiska m\u00e5ngfalden och f\u00f6rlust av nyttodjuren, eller s\u00e5rbarhet f\u00f6r marknadsf\u00f6r\u00e4ndringar p\u00e5 grund av bristen p\u00e5 produktdiversitet p\u00e5 din g\u00e5rd.&nbsp;<\/span><\/p>\n<p class=\"font_8 wixui-rich-text__text\"><span class=\"wixui-rich-text__text\">En annan princip som du b\u00f6r vara medveten om under design-processen \u00e4r balansen mellan komplexitet och effektivitet. \u00d6kad komplexitet leder till m\u00e5nga positiva effekter f\u00f6r din g\u00e5rd, t.ex. \u00f6kad biologisk m\u00e5ngfald, b\u00e4ttre skydd mot skadedjur, en mer diversifierad produktion och st\u00f6rre resiliens (motst\u00e5ndskraft) mot klimatf\u00f6r\u00e4ndringar. Men ju mer komplexitet du tillf\u00f6r till dina odlingar, desto mindre effektiv blir deras sk\u00f6tsel. <a href=\"https:\/\/agroforestryfarming.com\/sv\/establish-manage\/\">En mindre effektiv sk\u00f6tsel kan leda till \u00f6kad arbetstid.<\/a>Dessutom, ju fler arter du v\u00e4ljer att arbeta med, desto mer kunskap beh\u00f6ver du om hur du kan hantera, sk\u00f6rda och s\u00e4lja dem. D\u00e4rf\u00f6r b\u00f6r du hitta en balans mellan komplexitet och effektivitet som passar dig och din g\u00e5rd b\u00e4st.<\/span><\/p>\n<p class=\"font_8 wixui-rich-text__text\"><span class=\"wixui-rich-text__text\">Det \u00e4r viktigt att lyfta fram att en bra design kan hj\u00e4lpa dig att \u00f6ka diversiteten i systemet utan att kompromissa p\u00e5 sk\u00f6tselns effektivitet.<\/span><\/p>\n<p class=\"font_8 wixui-rich-text__text\"><span class=\"wixui-rich-text__text\">Som du kan se i bilden nedan \u00e4r riskhantering och komplexitet vs effektivitet de \u00f6vergripande principer du b\u00f6r vara medveten om under designprocessen. N\u00e4r du har l\u00e4rt dig hur du kan minska riskerna och hur du kan hitta en bra balans mellan komplexitet och effektivitet. D\u00e5 b\u00f6r du forts\u00e4tta din design-process med de 6 f\u00f6ljande stegen.<\/span><\/p>\n<p><strong><span class=\"wixui-rich-text__text\">1. Definiera dina m\u00e5l<br><\/span><span class=\"wixui-rich-text__text\">2. Analysera ditt utg\u00e5ngsl\u00e4ge<br><\/span><span class=\"wixui-rich-text__text\">3. Brainstorma dina \u00f6nskade v\u00e4xter<br><\/span><span class=\"wixui-rich-text__text\">4. F\u00e5 r\u00e5d\/ha en mentor<br><\/span><span class=\"wixui-rich-text__text\">5. G\u00f6r en marknadsunders\u00f6kning<br><\/span><span class=\"wixui-rich-text__text\">6. Agroforestry design<\/span><\/strong><\/p>\t\t\t\t\t\t\t\t<\/div>\n\t\t\t\t<div class=\"elementor-element elementor-element-ae32e62 elementor-widget elementor-widget-text-editor\" data-id=\"ae32e62\" data-element_type=\"widget\" data-widget_type=\"text-editor.default\">\n\t\t\t\t\t\t\t\t\t<h2 class=\"font_2 wixui-rich-text__text\"><span style=\"color: #000000;\"><span class=\"wixui-rich-text__text\">\u00a9 Maur<\/span><span class=\"wixui-rich-text__text\">icio Sagastuy<\/span><\/span><\/h2>\t\t\t\t\t\t\t\t<\/div>\n\t\t\t\t<div class=\"elementor-element elementor-element-e49e25c elementor-widget elementor-widget-image\" data-id=\"e49e25c\" data-element_type=\"widget\" data-widget_type=\"image.default\">\n\t\t\t\t\t\t\t\t\t\t\t\t\t\t\t<img decoding=\"async\" width=\"544\" height=\"500\" src=\"https:\/\/agroforestryfarming.com\/wp-content\/uploads\/2026\/01\/10002-2.png\" class=\"attachment-full size-full wp-image-292\" alt=\"\" srcset=\"https:\/\/agroforestryfarming.com\/wp-content\/uploads\/2026\/01\/10002-2.png 544w, https:\/\/agroforestryfarming.com\/wp-content\/uploads\/2026\/01\/10002-2-300x276.png 300w\" sizes=\"(max-width: 544px) 100vw, 544px\" \/>\t\t\t\t\t\t\t\t\t\t\t\t\t\t\t<\/div>\n\t\t\t\t<div class=\"elementor-element elementor-element-f470c55 elementor-widget elementor-widget-text-editor\" data-id=\"f470c55\" data-element_type=\"widget\" data-widget_type=\"text-editor.default\">\n\t\t\t\t\t\t\t\t\t<p class=\"font_8 wixui-rich-text__text\">Denna figur visar hur man designar ett agroforestry system. Tv\u00e5 viktiga principer att vara medveten om under design-processen \u00e4r (1) riskhantering och (2) en balans mellan komplexitet och effektivitet. Syftet med detta \"design-ramverk\" \u00e4r att hj\u00e4lpa dig att designa ett l\u00f6nsamt, m\u00e5ngfaldsrik och praktiskt genomf\u00f6rbart agroforestry-system.<\/p>\t\t\t\t\t\t\t\t<\/div>\n\t\t\t\t<div class=\"elementor-element elementor-element-85fc2bf elementor-widget elementor-widget-text-editor\" data-id=\"85fc2bf\" data-element_type=\"widget\" data-widget_type=\"text-editor.default\">\n\t\t\t\t\t\t\t\t\t<p class=\"font_8 wixui-rich-text__text translation-block\">Det \u00e4r viktigt att lyfta fram att man inte beh\u00f6ver strikt f\u00f6lja alla de 6 stegen i design-processen f\u00f6r att kunna skapa en bra design. Om du till exempel har kunskap om hur du kan odla och s\u00e4lja produkter fr\u00e5n dina valda tr\u00e4d och buskar (steg 3), d\u00e5 beh\u00f6ver du inte anlita en konsult f\u00f6r att ge dig feedback p\u00e5 dina planer (steg 4). Eller om du anlitar en konsult (steg 4) som har kunskap om marknadsm\u00f6jligheterna, d\u00e5 kan du hoppa \u00f6ver steget d\u00e4r du g\u00f6r en marknadsunders\u00f6kning sj\u00e4lv (steg 5).<\/p><p class=\"font_8 wixui-rich-text__text\"><span class=\"wixui-rich-text__text\">D\u00e4rf\u00f6r rekommenderar jag dig att anv\u00e4nda de ovan n\u00e4mnda stegen som ett verktyg eller ett ramverk som hj\u00e4lper dig att t\u00e4nka p\u00e5 hur du kan genomf\u00f6ra din design-process. N\u00e4r du har l\u00e4rt dig mer om alla listade steg, d\u00e5 kan du sj\u00e4lv best\u00e4mma vilka steg du vill f\u00f6lja i din design-process och vilka vill du hoppa \u00f6ver. \n\n\u200b\u00a0<\/span><\/p><p class=\"font_8 wixui-rich-text__text translation-block\">Som du kan se i bilden ovan visas utformningen av ett agroforestry-system som en cirkul\u00e4r process. Jag representerar designprocessen som en cirkel, eftersom design och skapande av ett agroforestry-system kan vara en o\u00e4ndlig process av tv\u00e5 sk\u00e4l:<\/p><ol class=\"font_8 wixui-rich-text__text\"><li class=\"wixui-rich-text__text\"><p class=\"font_8 wixui-rich-text__text\"><span class=\"wixui-rich-text__text\">Du kommer f\u00f6rmodligen att beh\u00f6va g\u00f6ra om din ursprungliga ritning ett par g\u00e5nger tills du har en design som du k\u00e4nner dig n\u00f6jd med.\u00a0<\/span><\/p><\/li><li class=\"wixui-rich-text__text\"><p class=\"font_8 wixui-rich-text__text translation-block\">\u00c4ven efter att du har planterat tr\u00e4denkan du beh\u00f6va forts\u00e4tta att  och justera ditt system allteftersom det utvecklas.<\/p><\/li><\/ol><p class=\"font_8 wixui-rich-text__text translation-block\">Med tiden kommer du att m\u00e4rka vilka v\u00e4xtarter som v\u00e4xer b\u00e4st p\u00e5 din mark, vilka som inte v\u00e4xer bra och vilken effekt dina tr\u00e4d har p\u00e5 dina gr\u00f6dor och dina djur. I framtiden ska du kanske beh\u00f6va anpassa ditt agroforestry-system genom att ta bort, ers\u00e4tta eller introducera nya v\u00e4xtarter.<\/p><p class=\"font_8 wixui-rich-text__text\"><span class=\"wixui-rich-text__text\">Att skapa en vision f\u00f6r ditt agroforestry system \u00e4r ett av de mest sp\u00e4nnande stegen n\u00e4r du startar ett agroforestry system. Lycka till och ha kul med processen!\u00a0<\/span><\/p><p class=\"font_8 wixui-rich-text__text translation-block\">Kommentera nedan vad du tycker om de principerna principer som presenterades? Vad har du f\u00f6r tankar eller feedback? Vilka \u00e4r dina erfarenheter n\u00e4r du har designat ett agroforestry system?<\/p>\t\t\t\t\t\t\t\t<\/div>\n\t\t\t\t<div class=\"elementor-element elementor-element-5f2d020 elementor-widget elementor-widget-facebook-comments\" data-id=\"5f2d020\" data-element_type=\"widget\" data-widget_type=\"facebook-comments.default\">\n\t\t\t\t\t\t\t<div class=\"elementor-facebook-widget fb-comments\" data-href=\"https:\/\/agroforestryfarming.com\/sv?p=288\" data-width=\"100%\" data-numposts=\"10\" data-order-by=\"social\" style=\"min-height: 1px\"><\/div>\n\t\t\t\t\t\t<\/div>\n\t\t\t\t\t<\/div>\n\t\t\t\t<\/div>\n\t\t\t\t<\/div>","protected":false},"excerpt":{"rendered":"<p>Agroforestry Design Photo taken by AGFORWARD project, Pines and vines, Restinclieres Designing your system Are you interested in working with [&hellip;]<\/p>","protected":false},"author":2,"featured_media":0,"parent":0,"menu_order":0,"comment_status":"closed","ping_status":"closed","template":"elementor_header_footer","meta":{"site-sidebar-layout":"no-sidebar","site-content-layout":"","ast-site-content-layout":"full-width-container","site-content-style":"default","site-sidebar-style":"default","ast-global-header-display":"","ast-banner-title-visibility":"","ast-main-header-display":"","ast-hfb-above-header-display":"","ast-hfb-below-header-display":"","ast-hfb-mobile-header-display":"","site-post-title":"","ast-breadcrumbs-content":"","ast-featured-img":"disabled","footer-sml-layout":"","ast-disable-related-posts":"","theme-transparent-header-meta":"","adv-header-id-meta":"","stick-header-meta":"","header-above-stick-meta":"","header-main-stick-meta":"","header-below-stick-meta":"","astra-migrate-meta-layouts":"default","ast-page-background-enabled":"default","ast-page-background-meta":{"desktop":{"background-color":"var(--ast-global-color-5)","background-image":"","background-repeat":"repeat","background-position":"center center","background-size":"auto","background-attachment":"scroll","background-type":"","background-media":"","overlay-type":"","overlay-color":"","overlay-opacity":"","overlay-gradient":""},"tablet":{"background-color":"","background-image":"","background-repeat":"repeat","background-position":"center center","background-size":"auto","background-attachment":"scroll","background-type":"","background-media":"","overlay-type":"","overlay-color":"","overlay-opacity":"","overlay-gradient":""},"mobile":{"background-color":"","background-image":"","background-repeat":"repeat","background-position":"center center","background-size":"auto","background-attachment":"scroll","background-type":"","background-media":"","overlay-type":"","overlay-color":"","overlay-opacity":"","overlay-gradient":""}},"ast-content-background-meta":{"desktop":{"background-color":"var(--ast-global-color-4)","background-image":"","background-repeat":"repeat","background-position":"center center","background-size":"auto","background-attachment":"scroll","background-type":"","background-media":"","overlay-type":"","overlay-color":"","overlay-opacity":"","overlay-gradient":""},"tablet":{"background-color":"var(--ast-global-color-4)","background-image":"","background-repeat":"repeat","background-position":"center center","background-size":"auto","background-attachment":"scroll","background-type":"","background-media":"","overlay-type":"","overlay-color":"","overlay-opacity":"","overlay-gradient":""},"mobile":{"background-color":"var(--ast-global-color-4)","background-image":"","background-repeat":"repeat","background-position":"center center","background-size":"auto","background-attachment":"scroll","background-type":"","background-media":"","overlay-type":"","overlay-color":"","overlay-opacity":"","overlay-gradient":""}},"footnotes":""},"class_list":["post-288","page","type-page","status-publish","hentry"],"_links":{"self":[{"href":"https:\/\/agroforestryfarming.com\/sv\/wp-json\/wp\/v2\/pages\/288","targetHints":{"allow":["GET"]}}],"collection":[{"href":"https:\/\/agroforestryfarming.com\/sv\/wp-json\/wp\/v2\/pages"}],"about":[{"href":"https:\/\/agroforestryfarming.com\/sv\/wp-json\/wp\/v2\/types\/page"}],"author":[{"embeddable":true,"href":"https:\/\/agroforestryfarming.com\/sv\/wp-json\/wp\/v2\/users\/2"}],"replies":[{"embeddable":true,"href":"https:\/\/agroforestryfarming.com\/sv\/wp-json\/wp\/v2\/comments?post=288"}],"version-history":[{"count":19,"href":"https:\/\/agroforestryfarming.com\/sv\/wp-json\/wp\/v2\/pages\/288\/revisions"}],"predecessor-version":[{"id":568,"href":"https:\/\/agroforestryfarming.com\/sv\/wp-json\/wp\/v2\/pages\/288\/revisions\/568"}],"wp:attachment":[{"href":"https:\/\/agroforestryfarming.com\/sv\/wp-json\/wp\/v2\/media?parent=288"}],"curies":[{"name":"wp","href":"https:\/\/api.w.org\/{rel}","templated":true}]}}