{"id":387,"date":"2026-01-01T15:39:39","date_gmt":"2026-01-01T15:39:39","guid":{"rendered":"https:\/\/agroforestryfarming.com\/?page_id=387"},"modified":"2026-01-01T15:48:43","modified_gmt":"2026-01-01T15:48:43","slug":"blog","status":"publish","type":"page","link":"https:\/\/agroforestryfarming.com\/sv\/blog\/","title":{"rendered":"Blog"},"content":{"rendered":"<div data-elementor-type=\"wp-page\" data-elementor-id=\"387\" class=\"elementor elementor-387\" data-elementor-post-type=\"page\">\n\t\t\t\t<div class=\"elementor-element elementor-element-1942486 e-flex e-con-boxed e-con e-parent\" data-id=\"1942486\" data-element_type=\"container\" data-settings=\"{&quot;background_background&quot;:&quot;classic&quot;}\">\n\t\t\t\t\t<div class=\"e-con-inner\">\n\t\t\t\t<div class=\"elementor-element elementor-element-e501d39 elementor-widget elementor-widget-heading\" data-id=\"e501d39\" data-element_type=\"widget\" data-widget_type=\"heading.default\">\n\t\t\t\t\t<h2 class=\"elementor-heading-title elementor-size-default\">Blog<\/h2>\t\t\t\t<\/div>\n\t\t\t\t\t<\/div>\n\t\t\t\t<\/div>\n\t\t<div class=\"elementor-element elementor-element-d71c069 e-flex e-con-boxed e-con e-parent\" data-id=\"d71c069\" data-element_type=\"container\">\n\t\t\t\t\t<div class=\"e-con-inner\">\n\t\t\t\t<div class=\"elementor-element elementor-element-3a6badb elementor-grid-3 elementor-grid-tablet-2 elementor-grid-mobile-1 elementor-posts--thumbnail-top elementor-card-shadow-yes elementor-posts__hover-gradient elementor-widget elementor-widget-posts\" data-id=\"3a6badb\" data-element_type=\"widget\" data-settings=\"{&quot;pagination_type&quot;:&quot;numbers_and_prev_next&quot;,&quot;cards_columns&quot;:&quot;3&quot;,&quot;cards_columns_tablet&quot;:&quot;2&quot;,&quot;cards_columns_mobile&quot;:&quot;1&quot;,&quot;cards_row_gap&quot;:{&quot;unit&quot;:&quot;px&quot;,&quot;size&quot;:35,&quot;sizes&quot;:[]},&quot;cards_row_gap_tablet&quot;:{&quot;unit&quot;:&quot;px&quot;,&quot;size&quot;:&quot;&quot;,&quot;sizes&quot;:[]},&quot;cards_row_gap_mobile&quot;:{&quot;unit&quot;:&quot;px&quot;,&quot;size&quot;:&quot;&quot;,&quot;sizes&quot;:[]}}\" data-widget_type=\"posts.cards\">\n\t\t\t\t<div class=\"elementor-widget-container\">\n\t\t\t\t\t\t\t<div class=\"elementor-posts-container elementor-posts elementor-posts--skin-cards elementor-grid\" role=\"list\">\n\t\t\t\t<article class=\"elementor-post elementor-grid-item post-384 post type-post status-publish format-standard has-post-thumbnail hentry category-uncategorized\" role=\"listitem\">\n\t\t\t<div class=\"elementor-post__card\">\n\t\t\t\t<a class=\"elementor-post__thumbnail__link\" href=\"https:\/\/agroforestryfarming.com\/sv\/windbreaks-can-they-improve-your-yields-agroforestry\/\" tabindex=\"-1\"><div class=\"elementor-post__thumbnail\"><img fetchpriority=\"high\" decoding=\"async\" width=\"454\" height=\"341\" src=\"https:\/\/agroforestryfarming.com\/wp-content\/uploads\/2026\/01\/10004-2.png\" class=\"attachment-full size-full wp-image-385\" alt=\"\" srcset=\"https:\/\/agroforestryfarming.com\/wp-content\/uploads\/2026\/01\/10004-2.png 454w, https:\/\/agroforestryfarming.com\/wp-content\/uploads\/2026\/01\/10004-2-300x225.png 300w\" sizes=\"(max-width: 454px) 100vw, 454px\" \/><\/div><\/a>\n\t\t\t\t<div class=\"elementor-post__text\">\n\t\t\t\t<h3 class=\"elementor-post__title\">\n\t\t\t<a href=\"https:\/\/agroforestryfarming.com\/sv\/windbreaks-can-they-improve-your-yields-agroforestry\/\">\n\t\t\t\tL\u00e4h\u00e4ckar \u2013 Kan de \u00f6ka dina avkastningar? (Agroforestry)\t\t\t<\/a>\n\t\t<\/h3>\n\t\t\t\t<div class=\"elementor-post__excerpt\">\n\t\t\t<p>Vindskydd, \u00e4ven kallade h\u00e4ckar eller skyddsb\u00e4lten, \u00e4r rader av tr\u00e4d eller buskar som planteras f\u00f6r att skydda gr\u00f6dor och djur fr\u00e5n vind och sn\u00f6.<\/p>\n\t\t<\/div>\n\t\t\t\t<\/div>\n\t\t\t\t<div class=\"elementor-post__meta-data\">\n\t\t\t\t\t<span class=\"elementor-post-date\">\n\t\t\tjanuari 1, 2026\t\t<\/span>\n\t\t\t\t<\/div>\n\t\t\t\t\t<\/div>\n\t\t<\/article>\n\t\t\t\t<article class=\"elementor-post elementor-grid-item post-381 post type-post status-publish format-standard has-post-thumbnail hentry category-uncategorized\" role=\"listitem\">\n\t\t\t<div class=\"elementor-post__card\">\n\t\t\t\t<a class=\"elementor-post__thumbnail__link\" href=\"https:\/\/agroforestryfarming.com\/sv\/riparian-buffers-how-to-design-them-agroforestry\/\" tabindex=\"-1\"><div class=\"elementor-post__thumbnail\"><img decoding=\"async\" width=\"624\" height=\"469\" src=\"https:\/\/agroforestryfarming.com\/wp-content\/uploads\/2026\/01\/10003-1.png\" class=\"attachment-full size-full wp-image-382\" alt=\"\" srcset=\"https:\/\/agroforestryfarming.com\/wp-content\/uploads\/2026\/01\/10003-1.png 624w, https:\/\/agroforestryfarming.com\/wp-content\/uploads\/2026\/01\/10003-1-300x225.png 300w\" sizes=\"(max-width: 624px) 100vw, 624px\" \/><\/div><\/a>\n\t\t\t\t<div class=\"elementor-post__text\">\n\t\t\t\t<h3 class=\"elementor-post__title\">\n\t\t\t<a href=\"https:\/\/agroforestryfarming.com\/sv\/riparian-buffers-how-to-design-them-agroforestry\/\">\n\t\t\t\tKantzon mot vattendrag - \u00d6verblick &amp; design (Agroforestry)\t\t\t<\/a>\n\t\t<\/h3>\n\t\t\t\t<div class=\"elementor-post__excerpt\">\n\t\t\t<p>Strandzoner \u00e4r remsor av gr\u00e4s, buskar eller tr\u00e4d som planterats intill b\u00e4ckar eller andra vattendrag. Deras huvudsakliga funktion \u00e4r att f\u00f6rhindra att f\u00f6roreningar fr\u00e5n jordbruksavrinning tr\u00e4nger in i vattendragen.<\/p>\n\t\t<\/div>\n\t\t\t\t<\/div>\n\t\t\t\t<div class=\"elementor-post__meta-data\">\n\t\t\t\t\t<span class=\"elementor-post-date\">\n\t\t\tjanuari 1, 2026\t\t<\/span>\n\t\t\t\t<\/div>\n\t\t\t\t\t<\/div>\n\t\t<\/article>\n\t\t\t\t<article class=\"elementor-post elementor-grid-item post-378 post type-post status-publish format-standard has-post-thumbnail hentry category-uncategorized\" role=\"listitem\">\n\t\t\t<div class=\"elementor-post__card\">\n\t\t\t\t<a class=\"elementor-post__thumbnail__link\" href=\"https:\/\/agroforestryfarming.com\/sv\/alley-cropping-overview-and-design-agroforestry\/\" tabindex=\"-1\"><div class=\"elementor-post__thumbnail\"><img decoding=\"async\" width=\"1816\" height=\"1364\" src=\"https:\/\/agroforestryfarming.com\/wp-content\/uploads\/2026\/01\/10002-4.jpg\" class=\"attachment-full size-full wp-image-379\" alt=\"\" srcset=\"https:\/\/agroforestryfarming.com\/wp-content\/uploads\/2026\/01\/10002-4.jpg 1816w, https:\/\/agroforestryfarming.com\/wp-content\/uploads\/2026\/01\/10002-4-300x225.jpg 300w, https:\/\/agroforestryfarming.com\/wp-content\/uploads\/2026\/01\/10002-4-1024x769.jpg 1024w, https:\/\/agroforestryfarming.com\/wp-content\/uploads\/2026\/01\/10002-4-768x577.jpg 768w, https:\/\/agroforestryfarming.com\/wp-content\/uploads\/2026\/01\/10002-4-1536x1154.jpg 1536w\" sizes=\"(max-width: 1816px) 100vw, 1816px\" \/><\/div><\/a>\n\t\t\t\t<div class=\"elementor-post__text\">\n\t\t\t\t<h3 class=\"elementor-post__title\">\n\t\t\t<a href=\"https:\/\/agroforestryfarming.com\/sv\/alley-cropping-overview-and-design-agroforestry\/\">\n\t\t\t\tAll\u00e9 odling: \u00f6verblick och design (Agroforestry)\t\t\t<\/a>\n\t\t<\/h3>\n\t\t\t\t<div class=\"elementor-post__excerpt\">\n\t\t\t<p>All\u00e9odling \u00e4r plantering av rader av tr\u00e4d och\/eller buskar f\u00f6r att skapa all\u00e9er d\u00e4r jordbruks- eller tr\u00e4dg\u00e5rdsgr\u00f6dor odlas. All\u00e9odlingssystem \u00f6kar den totala g\u00e5rdens<\/p>\n\t\t<\/div>\n\t\t\t\t<\/div>\n\t\t\t\t<div class=\"elementor-post__meta-data\">\n\t\t\t\t\t<span class=\"elementor-post-date\">\n\t\t\tjanuari 1, 2026\t\t<\/span>\n\t\t\t\t<\/div>\n\t\t\t\t\t<\/div>\n\t\t<\/article>\n\t\t\t\t<article class=\"elementor-post elementor-grid-item post-375 post type-post status-publish format-standard has-post-thumbnail hentry category-uncategorized\" role=\"listitem\">\n\t\t\t<div class=\"elementor-post__card\">\n\t\t\t\t<a class=\"elementor-post__thumbnail__link\" href=\"https:\/\/agroforestryfarming.com\/sv\/are-forest-gardens-a-viable-farming-practice-agroforestry\/\" tabindex=\"-1\"><div class=\"elementor-post__thumbnail\"><img loading=\"lazy\" decoding=\"async\" width=\"454\" height=\"341\" src=\"https:\/\/agroforestryfarming.com\/wp-content\/uploads\/2026\/01\/10001-6.jpg\" class=\"attachment-full size-full wp-image-376\" alt=\"\" srcset=\"https:\/\/agroforestryfarming.com\/wp-content\/uploads\/2026\/01\/10001-6.jpg 454w, https:\/\/agroforestryfarming.com\/wp-content\/uploads\/2026\/01\/10001-6-300x225.jpg 300w\" sizes=\"(max-width: 454px) 100vw, 454px\" \/><\/div><\/a>\n\t\t\t\t<div class=\"elementor-post__text\">\n\t\t\t\t<h3 class=\"elementor-post__title\">\n\t\t\t<a href=\"https:\/\/agroforestryfarming.com\/sv\/are-forest-gardens-a-viable-farming-practice-agroforestry\/\">\n\t\t\t\t\u00c4r skogstr\u00e4dg\u00e5rdar en relevant odlingsmetod? (Agroforestry)\t\t\t<\/a>\n\t\t<\/h3>\n\t\t\t\t<div class=\"elementor-post__excerpt\">\n\t\t\t<p>Skogstr\u00e4dg\u00e5rdar \u00e4r odlingssystem som efterliknar strukturen och designen av ett skogsekosystem. Precis som skogar best\u00e5r skogstr\u00e4dg\u00e5rdar...<\/p>\n\t\t<\/div>\n\t\t\t\t<\/div>\n\t\t\t\t<div class=\"elementor-post__meta-data\">\n\t\t\t\t\t<span class=\"elementor-post-date\">\n\t\t\tjanuari 1, 2026\t\t<\/span>\n\t\t\t\t<\/div>\n\t\t\t\t\t<\/div>\n\t\t<\/article>\n\t\t\t\t<\/div>\n\t\t\n\t\t\t\t\t\t<\/div>\n\t\t\t\t<\/div>\n\t\t\t\t\t<\/div>\n\t\t\t\t<\/div>\n\t\t\t\t<\/div>","protected":false},"excerpt":{"rendered":"<p>Blog<\/p>","protected":false},"author":2,"featured_media":0,"parent":0,"menu_order":0,"comment_status":"closed","ping_status":"closed","template":"elementor_header_footer","meta":{"site-sidebar-layout":"no-sidebar","site-content-layout":"","ast-site-content-layout":"full-width-container","site-content-style":"default","site-sidebar-style":"default","ast-global-header-display":"","ast-banner-title-visibility":"","ast-main-header-display":"","ast-hfb-above-header-display":"","ast-hfb-below-header-display":"","ast-hfb-mobile-header-display":"","site-post-title":"","ast-breadcrumbs-content":"","ast-featured-img":"disabled","footer-sml-layout":"","ast-disable-related-posts":"","theme-transparent-header-meta":"","adv-header-id-meta":"","stick-header-meta":"","header-above-stick-meta":"","header-main-stick-meta":"","header-below-stick-meta":"","astra-migrate-meta-layouts":"default","ast-page-background-enabled":"default","ast-page-background-meta":{"desktop":{"background-color":"var(--ast-global-color-5)","background-image":"","background-repeat":"repeat","background-position":"center center","background-size":"auto","background-attachment":"scroll","background-type":"","background-media":"","overlay-type":"","overlay-color":"","overlay-opacity":"","overlay-gradient":""},"tablet":{"background-color":"","background-image":"","background-repeat":"repeat","background-position":"center center","background-size":"auto","background-attachment":"scroll","background-type":"","background-media":"","overlay-type":"","overlay-color":"","overlay-opacity":"","overlay-gradient":""},"mobile":{"background-color":"","background-image":"","background-repeat":"repeat","background-position":"center center","background-size":"auto","background-attachment":"scroll","background-type":"","background-media":"","overlay-type":"","overlay-color":"","overlay-opacity":"","overlay-gradient":""}},"ast-content-background-meta":{"desktop":{"background-color":"var(--ast-global-color-4)","background-image":"","background-repeat":"repeat","background-position":"center center","background-size":"auto","background-attachment":"scroll","background-type":"","background-media":"","overlay-type":"","overlay-color":"","overlay-opacity":"","overlay-gradient":""},"tablet":{"background-color":"var(--ast-global-color-4)","background-image":"","background-repeat":"repeat","background-position":"center center","background-size":"auto","background-attachment":"scroll","background-type":"","background-media":"","overlay-type":"","overlay-color":"","overlay-opacity":"","overlay-gradient":""},"mobile":{"background-color":"var(--ast-global-color-4)","background-image":"","background-repeat":"repeat","background-position":"center center","background-size":"auto","background-attachment":"scroll","background-type":"","background-media":"","overlay-type":"","overlay-color":"","overlay-opacity":"","overlay-gradient":""}},"footnotes":""},"class_list":["post-387","page","type-page","status-publish","hentry"],"_links":{"self":[{"href":"https:\/\/agroforestryfarming.com\/sv\/wp-json\/wp\/v2\/pages\/387","targetHints":{"allow":["GET"]}}],"collection":[{"href":"https:\/\/agroforestryfarming.com\/sv\/wp-json\/wp\/v2\/pages"}],"about":[{"href":"https:\/\/agroforestryfarming.com\/sv\/wp-json\/wp\/v2\/types\/page"}],"author":[{"embeddable":true,"href":"https:\/\/agroforestryfarming.com\/sv\/wp-json\/wp\/v2\/users\/2"}],"replies":[{"embeddable":true,"href":"https:\/\/agroforestryfarming.com\/sv\/wp-json\/wp\/v2\/comments?post=387"}],"version-history":[{"count":25,"href":"https:\/\/agroforestryfarming.com\/sv\/wp-json\/wp\/v2\/pages\/387\/revisions"}],"predecessor-version":[{"id":412,"href":"https:\/\/agroforestryfarming.com\/sv\/wp-json\/wp\/v2\/pages\/387\/revisions\/412"}],"wp:attachment":[{"href":"https:\/\/agroforestryfarming.com\/sv\/wp-json\/wp\/v2\/media?parent=387"}],"curies":[{"name":"wp","href":"https:\/\/api.w.org\/{rel}","templated":true}]}}